{"id":385,"date":"2024-03-04T19:08:48","date_gmt":"2024-03-04T19:08:48","guid":{"rendered":"https:\/\/demo.divi-pixel.com\/interior-design\/?page_id=385"},"modified":"2025-08-15T18:01:40","modified_gmt":"2025-08-15T18:01:40","slug":"about","status":"publish","type":"page","link":"https:\/\/innovaoficina.com\/index.php\/about\/","title":{"rendered":"About"},"content":{"rendered":"<p>[et_pb_section fb_built=&#8221;1&#8243; custom_padding_last_edited=&#8221;on|tablet&#8221; _builder_version=&#8221;4.27.4&#8243; _module_preset=&#8221;default&#8221; background_image=&#8221;https:\/\/innovaoficina.com\/wp-content\/uploads\/2025\/05\/AREA-GERENCIAL-scaled.jpg&#8221; background_position=&#8221;bottom_center&#8221; background_vertical_offset=&#8221;80%&#8221; custom_margin=&#8221;-120px||||false|false&#8221; custom_margin_tablet=&#8221;-90px||||false|false&#8221; custom_margin_phone=&#8221;-90px||||false|false&#8221; custom_margin_last_edited=&#8221;on|phone&#8221; custom_padding=&#8221;250px||||false|false&#8221; custom_padding_tablet=&#8221;250px||||false|false&#8221; custom_padding_phone=&#8221;200px||||false|false&#8221; global_colors_info=&#8221;{}&#8221;][et_pb_row column_structure=&#8221;1_2,1_4,1_4&#8243; make_equal=&#8221;on&#8221; _builder_version=&#8221;4.24.2&#8243; _module_preset=&#8221;default&#8221; width=&#8221;85%&#8221; custom_padding=&#8221;||0px||false|false&#8221; custom_css_before=&#8221;content:URL(&#8216;https:\/\/innovaoficina.com\/wp-content\/uploads\/2024\/03\/id-scroll-down.svg&#8217;);||position:absolute;||width:14px;||right:-80px;||bottom:0;&#8221; custom_css_main_element=&#8221;align-items:flex-end;&#8221; global_colors_info=&#8221;{}&#8221; custom_css_before_last_edited=&#8221;on|tablet&#8221; custom_css_before_tablet=&#8221;content:URL(&#8216;https:\/\/innovaoficina.com\/wp-content\/uploads\/2024\/03\/id-scroll-down.svg&#8217;);||position:absolute;||width:14px;||right:0px;||bottom:0;&#8221; custom_css_before_phone=&#8221;content:URL(&#8216;https:\/\/innovaoficina.com\/wp-content\/uploads\/2024\/03\/id-scroll-down.svg&#8217;);||position:absolute;||width:14px;||right:0px;||bottom:0;&#8221;][et_pb_column type=&#8221;1_2&#8243; _builder_version=&#8221;4.20.2&#8243; _module_preset=&#8221;default&#8221; global_colors_info=&#8221;{}&#8221;][et_pb_text _builder_version=&#8221;4.27.4&#8243; _module_preset=&#8221;default&#8221; header_font=&#8221;Urbanist||||||||&#8221; header_text_color=&#8221;#FFFFFF&#8221; header_font_size=&#8221;70px&#8221; header_letter_spacing=&#8221;-3px&#8221; header_line_height=&#8221;1.2em&#8221; custom_margin=&#8221;||10px||false|false&#8221; custom_margin_tablet=&#8221;||10px||false|false&#8221; custom_margin_phone=&#8221;||0px||false|false&#8221; custom_margin_last_edited=&#8221;on|phone&#8221; header_font_size_tablet=&#8221;65px&#8221; header_font_size_phone=&#8221;40px&#8221; header_font_size_last_edited=&#8221;on|phone&#8221; header_letter_spacing_tablet=&#8221;-3px&#8221; header_letter_spacing_phone=&#8221;-2px&#8221; header_letter_spacing_last_edited=&#8221;on|phone&#8221; header_text_shadow_style=&#8221;preset1&#8243; global_colors_info=&#8221;{}&#8221;]<\/p>\n<h1>\u00bfQuienes Somos?<\/h1>\n<p>[\/et_pb_text][dipi_breadcrumbs bc_separator_color=&#8221;rgba(255,255,255,0.7)&#8221; _builder_version=&#8221;4.27.4&#8243; _module_preset=&#8221;default&#8221; items_font=&#8221;Urbanist||||||||&#8221; items_text_color=&#8221;rgba(255,255,255,0.7)&#8221; items_font_size=&#8221;15px&#8221; hover_text_color=&#8221;#FFFFFF&#8221; active_text_color=&#8221;#FFFFFF&#8221; items_text_shadow_style=&#8221;preset2&#8243; global_colors_info=&#8221;{}&#8221;][\/dipi_breadcrumbs][\/et_pb_column][et_pb_column type=&#8221;1_4&#8243; _builder_version=&#8221;4.20.2&#8243; _module_preset=&#8221;default&#8221; global_colors_info=&#8221;{}&#8221; custom_css_main_element_last_edited=&#8221;on|tablet&#8221; custom_css_main_element_tablet=&#8221;min-width:100%;&#8221; custom_css_main_element_phone=&#8221;min-width:100%;&#8221;][\/et_pb_column][et_pb_column type=&#8221;1_4&#8243; _builder_version=&#8221;4.20.2&#8243; _module_preset=&#8221;default&#8221; global_colors_info=&#8221;{}&#8221; custom_css_main_element_last_edited=&#8221;on|tablet&#8221; custom_css_main_element_tablet=&#8221;min-width:100%;&#8221; custom_css_main_element_phone=&#8221;min-width:100%;&#8221;][\/et_pb_column][\/et_pb_row][\/et_pb_section][et_pb_section fb_built=&#8221;1&#8243; _builder_version=&#8221;4.20.2&#8243; _module_preset=&#8221;default&#8221; global_colors_info=&#8221;{}&#8221;][et_pb_row column_structure=&#8221;2_5,3_5&#8243; use_custom_gutter=&#8221;on&#8221; gutter_width=&#8221;2&#8243; make_equal=&#8221;on&#8221; _builder_version=&#8221;4.24.2&#8243; _module_preset=&#8221;default&#8221; width=&#8221;85%&#8221; custom_margin=&#8221;||||false|false&#8221; global_colors_info=&#8221;{}&#8221;][et_pb_column type=&#8221;2_5&#8243; _builder_version=&#8221;4.20.2&#8243; _module_preset=&#8221;default&#8221; global_colors_info=&#8221;{}&#8221;][et_pb_blurb content_max_width=&#8221;1100px&#8221; _builder_version=&#8221;4.27.4&#8243; _module_preset=&#8221;default&#8221; header_font=&#8221;Urbanist||||||||&#8221; header_text_color=&#8221;#000000&#8243; header_font_size=&#8221;22px&#8221; body_font=&#8221;Urbanist|500|||||||&#8221; body_text_color=&#8221;#000000&#8243; body_font_size=&#8221;17px&#8221; body_line_height=&#8221;1.75em&#8221; body_font_size_tablet=&#8221;17px&#8221; body_font_size_phone=&#8221;16px&#8221; body_font_size_last_edited=&#8221;on|phone&#8221; locked=&#8221;off&#8221; global_colors_info=&#8221;{}&#8221;]<\/p>\n<p>En <strong>Innova Oficina<\/strong> somos fabricantes especializados en mobiliario para oficina, comprometidos con transformar los espacios de trabajo en entornos funcionales, c\u00f3modos y con estilo. Con una s\u00f3lida experiencia en el dise\u00f1o y producci\u00f3n de muebles de alta calidad, ofrecemos soluciones personalizadas para oficinas industriales, corporativas y residenciales.<\/p>\n<p>[\/et_pb_blurb][et_pb_blurb content_max_width=&#8221;1100px&#8221; _builder_version=&#8221;4.27.4&#8243; _module_preset=&#8221;default&#8221; header_font=&#8221;Urbanist||||||||&#8221; header_text_color=&#8221;#000000&#8243; header_font_size=&#8221;22px&#8221; body_font=&#8221;Urbanist|500|||||||&#8221; body_text_color=&#8221;#000000&#8243; body_font_size=&#8221;17px&#8221; body_line_height=&#8221;1.75em&#8221; body_font_size_tablet=&#8221;17px&#8221; body_font_size_phone=&#8221;16px&#8221; body_font_size_last_edited=&#8221;on|phone&#8221; locked=&#8221;off&#8221; global_colors_info=&#8221;{}&#8221;]<\/p>\n<p>Contamos con un amplio cat\u00e1logo de muebles y siller\u00eda para todo tipo de Oficinas.<\/p>\n<p>[\/et_pb_blurb][\/et_pb_column][et_pb_column type=&#8221;3_5&#8243; _builder_version=&#8221;4.20.2&#8243; _module_preset=&#8221;default&#8221; global_colors_info=&#8221;{}&#8221;][et_pb_image src=&#8221;https:\/\/innovaoficina.com\/wp-content\/uploads\/2025\/05\/PNG.png&#8221; title_text=&#8221;PNG&#8221; align=&#8221;center&#8221; _builder_version=&#8221;4.27.4&#8243; _module_preset=&#8221;default&#8221; width=&#8221;43%&#8221; global_colors_info=&#8221;{}&#8221;][\/et_pb_image][\/et_pb_column][\/et_pb_row][\/et_pb_section][et_pb_section fb_built=&#8221;1&#8243; _builder_version=&#8221;4.24.2&#8243; _module_preset=&#8221;default&#8221; custom_padding=&#8221;0px||40px||false|false&#8221; global_colors_info=&#8221;{}&#8221;][et_pb_row _builder_version=&#8221;4.27.4&#8243; _module_preset=&#8221;default&#8221; column_structure=&#8221;1_2,1_2&#8243;][et_pb_column _builder_version=&#8221;4.27.4&#8243; _module_preset=&#8221;default&#8221; type=&#8221;1_2&#8243;][et_pb_image src=&#8221;https:\/\/innovaoficina.com\/wp-content\/uploads\/2025\/05\/AREA-DIRECTIVA-1.jpeg&#8221; _builder_version=&#8221;4.27.4&#8243; _module_preset=&#8221;default&#8221; title_text=&#8221;\u00c1REA DIRECTIVA&#8221; width=&#8221;87%&#8221; align=&#8221;center&#8221; hover_enabled=&#8221;0&#8243; sticky_enabled=&#8221;0&#8243;][\/et_pb_image][\/et_pb_column][et_pb_column _builder_version=&#8221;4.27.4&#8243; _module_preset=&#8221;default&#8221; type=&#8221;1_2&#8243;][et_pb_blurb _builder_version=&#8221;4.27.4&#8243; _module_preset=&#8221;default&#8221; header_font=&#8221;Urbanist||||||||&#8221; header_text_color=&#8221;#000000&#8243; header_font_size=&#8221;22px&#8221; body_font=&#8221;Urbanist|500|||||||&#8221; body_text_color=&#8221;#000000&#8243; body_font_size=&#8221;15px&#8221; hover_enabled=&#8221;0&#8243; locked=&#8221;off&#8221; global_colors_info=&#8221;{}&#8221; sticky_enabled=&#8221;0&#8243;]<\/p>\n<p>Fabricamos bajo pedido y adaptamos nuestros dise\u00f1os a las necesidades de cada cliente, cuidando cada detalle en materiales, funcionalidad y acabados. Adem\u00e1s, realizamos env\u00edos a nivel nacional, garantizando puntualidad y atenci\u00f3n personalizada en cada entrega.<\/p>\n<p>En <strong>Innova Oficina<\/strong>, innovamos tus espacios para que trabajes mejor.<\/p>\n<p>[\/et_pb_blurb][\/et_pb_column][\/et_pb_row][\/et_pb_section]<\/p>\n","protected":false},"excerpt":{"rendered":"<p>\u00bfQuienes Somos?<div class=\"et_pb_module dipi_breadcrumbs dipi_breadcrumbs_0\">\n\t\t\t\t\n\t\t\t\t\n\t\t\t\t\n\t\t\t\t\n\t\t\t\t\n\t\t\t\t\n\t\t\t\t<div class=\"et_pb_module_inner\">\n\t\t\t\t\t<div class=\"dipi-breadcrumbs dipi-bc-left\">\n                <ul >\n                    \n                                                        <li  class=\"dipi-breadcrumb-item dipi-breadcrumb-home\">\n\n                                                    <a  href=\"https:\/\/innovaoficina.com\">\n                                <span  content=\"Home\">\n                                                                        Innova Oficina                                <\/span>\n                            <\/a>\n\n                                                <meta itemprop=\"position\" content=\"1\"\/>                    <\/li>\n\n                    <li class=\"dipi-breadcrumb-separator\">\n                    <span class=\"et-pb-icon dipi-separator-icon\">$<\/span>\n                <\/li>                            \n                <\/ul>\n            <\/div>\n\t\t\t\t<\/div>\n\t\t\t<\/div>En Innova Oficina somos fabricantes especializados en mobiliario para oficina, comprometidos con transformar los espacios de trabajo en entornos funcionales, c\u00f3modos y con estilo. Con una s\u00f3lida experiencia en el dise\u00f1o y producci\u00f3n de muebles de alta calidad, ofrecemos soluciones personalizadas para oficinas industriales, [&hellip;]<\/p>\n","protected":false},"author":1,"featured_media":0,"parent":0,"menu_order":0,"comment_status":"closed","ping_status":"closed","template":"","meta":{"_et_pb_use_builder":"on","_et_pb_old_content":"","_et_gb_content_width":"","_joinchat":[],"footnotes":""},"dipi_cpt_category":[],"class_list":["post-385","page","type-page","status-publish","hentry"],"_links":{"self":[{"href":"https:\/\/innovaoficina.com\/index.php\/wp-json\/wp\/v2\/pages\/385","targetHints":{"allow":["GET"]}}],"collection":[{"href":"https:\/\/innovaoficina.com\/index.php\/wp-json\/wp\/v2\/pages"}],"about":[{"href":"https:\/\/innovaoficina.com\/index.php\/wp-json\/wp\/v2\/types\/page"}],"author":[{"embeddable":true,"href":"https:\/\/innovaoficina.com\/index.php\/wp-json\/wp\/v2\/users\/1"}],"replies":[{"embeddable":true,"href":"https:\/\/innovaoficina.com\/index.php\/wp-json\/wp\/v2\/comments?post=385"}],"version-history":[{"count":3,"href":"https:\/\/innovaoficina.com\/index.php\/wp-json\/wp\/v2\/pages\/385\/revisions"}],"predecessor-version":[{"id":4726,"href":"https:\/\/innovaoficina.com\/index.php\/wp-json\/wp\/v2\/pages\/385\/revisions\/4726"}],"wp:attachment":[{"href":"https:\/\/innovaoficina.com\/index.php\/wp-json\/wp\/v2\/media?parent=385"}],"wp:term":[{"taxonomy":"dipi_cpt_category","embeddable":true,"href":"https:\/\/innovaoficina.com\/index.php\/wp-json\/wp\/v2\/dipi_cpt_category?post=385"}],"curies":[{"name":"wp","href":"https:\/\/api.w.org\/{rel}","templated":true}]}}